{"id":16,"date":"2023-01-20T14:37:00","date_gmt":"2023-01-20T12:37:00","guid":{"rendered":"http:\/\/www.sw76consulting.fi\/?page_id=16"},"modified":"2024-06-04T16:44:02","modified_gmt":"2024-06-04T13:44:02","slug":"clients","status":"publish","type":"page","link":"https:\/\/www.sw76consulting.fi\/fi\/clients\/","title":{"rendered":"Asiakkaat"},"content":{"rendered":"<div class=\"wp-block-columns alignwide is-layout-flex wp-container-core-columns-is-layout-9d6595d7 wp-block-columns-is-layout-flex\">\n<div class=\"wp-block-column is-layout-flow wp-block-column-is-layout-flow\" style=\"flex-basis:33.33%\">\n<figure class=\"wp-block-image size-large\"><img fetchpriority=\"high\" decoding=\"async\" width=\"1024\" height=\"534\" src=\"http:\/\/www.sw76consulting.fi\/wp-content\/uploads\/2023\/01\/hornetlogo_blacktext_RGB@10x-1024x534.png\" alt=\"\" class=\"wp-image-22\" srcset=\"https:\/\/www.sw76consulting.fi\/wp-content\/uploads\/2023\/01\/hornetlogo_blacktext_RGB@10x-1024x534.png 1024w, https:\/\/www.sw76consulting.fi\/wp-content\/uploads\/2023\/01\/hornetlogo_blacktext_RGB@10x-300x156.png 300w, https:\/\/www.sw76consulting.fi\/wp-content\/uploads\/2023\/01\/hornetlogo_blacktext_RGB@10x-768x401.png 768w, https:\/\/www.sw76consulting.fi\/wp-content\/uploads\/2023\/01\/hornetlogo_blacktext_RGB@10x-1536x801.png 1536w, https:\/\/www.sw76consulting.fi\/wp-content\/uploads\/2023\/01\/hornetlogo_blacktext_RGB@10x-2048x1068.png 2048w\" sizes=\"(max-width: 1024px) 100vw, 1024px\" \/><figcaption class=\"wp-element-caption\"><a href=\"http:\/\/www.h\u00f6rnet.fi\" data-type=\"URL\" data-id=\"www.h\u00f6rnet.fi\" target=\"_blank\" rel=\"noreferrer noopener\">H\u00f6rnet, Nauvo<\/a><\/figcaption><\/figure>\n<\/div>\n\n\n\n<div class=\"wp-block-column is-layout-flow wp-block-column-is-layout-flow\" style=\"flex-basis:66.66%\">\n<p>Steve tuli mukaan tasavertaisena liikekumppanina, sill\u00e4 h\u00e4n oli toiminut aktiivisesti t\u00e4m\u00e4n paikan edellisess\u00e4 versiossa, ja h\u00e4n n\u00e4ki historiallisessa hotellissa sijaitsevan ravintolan ja terassin potentiaalin, ja h\u00e4n tiesi, ett\u00e4 H\u00f6rnet oli yritys, johon oli syyt\u00e4 osallistua. Kompromissina ravintola ja suuri terassi, joka palvelee Nauvon kaupunkilaisia. Koska H\u00f6rnet on kes\u00e4kauden tapahtumapaikka, menestyksen n\u00e4lk\u00e4 on valtava.<br><strong>Isaac Visser, liikekumppani<\/strong><\/p>\n<\/div>\n<\/div>\n\n\n\n<div class=\"wp-block-columns alignwide is-layout-flex wp-container-core-columns-is-layout-9d6595d7 wp-block-columns-is-layout-flex\"><\/div>\n\n\n\n<figure class=\"wp-block-image size-full\"><a href=\"https:\/\/www.athletiq.fi\"><img decoding=\"async\" width=\"324\" height=\"182\" src=\"http:\/\/www.sw76consulting.fi\/wp-content\/uploads\/2023\/01\/AthletiQ-edited-2.jpg\" alt=\"\" class=\"wp-image-58\" srcset=\"https:\/\/www.sw76consulting.fi\/wp-content\/uploads\/2023\/01\/AthletiQ-edited-2.jpg 324w, https:\/\/www.sw76consulting.fi\/wp-content\/uploads\/2023\/01\/AthletiQ-edited-2-300x169.jpg 300w\" sizes=\"(max-width: 324px) 100vw, 324px\" \/><\/a><figcaption class=\"wp-element-caption\"><a href=\"http:\/\/www.athletiq.fi\">Athletiq.fi, Torrevieja<\/a><\/figcaption><\/figure>\n\n\n\n<div class=\"wp-block-columns alignwide is-layout-flex wp-container-core-columns-is-layout-9d6595d7 wp-block-columns-is-layout-flex\">\n<div class=\"wp-block-column is-layout-flow wp-block-column-is-layout-flow\" style=\"flex-basis:33.33%\">\n<figure class=\"wp-block-image size-full\"><img decoding=\"async\" width=\"224\" height=\"225\" src=\"http:\/\/www.sw76consulting.fi\/wp-content\/uploads\/2023\/01\/The-Yard.jpeg\" alt=\"\" class=\"wp-image-18\" srcset=\"https:\/\/www.sw76consulting.fi\/wp-content\/uploads\/2023\/01\/The-Yard.jpeg 224w, https:\/\/www.sw76consulting.fi\/wp-content\/uploads\/2023\/01\/The-Yard-150x150.jpeg 150w\" sizes=\"(max-width: 224px) 100vw, 224px\" \/><figcaption class=\"wp-element-caption\"><a href=\"https:\/\/www.facebook.com\/profile.php?id=100075311406762\" target=\"_blank\" rel=\"noreferrer noopener\">The Yard, Karjaa<\/a><\/figcaption><\/figure>\n<\/div>\n\n\n\n<div class=\"wp-block-column is-layout-flow wp-block-column-is-layout-flow\" style=\"flex-basis:66.66%\">\n<p>Steve tuli mukaan yhteisty\u00f6kumppaniksi, mutta h\u00e4nell\u00e4 oli my\u00f6s teht\u00e4v\u00e4n\u00e4 suunnitella ruokalista, joka sopisi paikkaan ja antaisi Karjaan asukkaille jotain sellaista, mit\u00e4 heill\u00e4 ei t\u00e4ll\u00e4 hetkell\u00e4 ollut tarjolla. H\u00e4n oli juuri kilpaillut ja sijoittunut kolmanneksi <a href=\"https:\/\/www.burgerbattle.fi\/\" target=\"_blank\" rel=\"noreferrer noopener\">Finnish Burger Battle<\/a>, p\u00e4\u00e4tettiin, ett\u00e4 t\u00e4m\u00e4 oli oikea reitti. Steve pystytti keitti\u00f6n ja koulutti henkil\u00f6kunnan niin, ett\u00e4 he pystyiv\u00e4t tuottamaan Karjaan maukkaimmat hampurilaiset. Steve on kiinte\u00e4 j\u00e4sen omistajatiimiss\u00e4 ja h\u00e4nen panostaan arvostetaan suuresti.<br><strong>Iwan Harries &amp; Nathan Kirkwood, kumppanit<\/strong><\/p>\n<\/div>\n<\/div>\n\n\n\n<div class=\"wp-block-columns alignwide is-layout-flex wp-container-core-columns-is-layout-9d6595d7 wp-block-columns-is-layout-flex\">\n<div class=\"wp-block-column is-layout-flow wp-block-column-is-layout-flow\" style=\"flex-basis:33.33%\">\n<figure class=\"wp-block-image size-full\"><a href=\"https:\/\/airistomarina.fi\/\"><img loading=\"lazy\" decoding=\"async\" width=\"909\" height=\"909\" src=\"http:\/\/www.sw76consulting.fi\/wp-content\/uploads\/2023\/01\/Airisto-Marina.jpeg\" alt=\"\" class=\"wp-image-17\" srcset=\"https:\/\/www.sw76consulting.fi\/wp-content\/uploads\/2023\/01\/Airisto-Marina.jpeg 909w, https:\/\/www.sw76consulting.fi\/wp-content\/uploads\/2023\/01\/Airisto-Marina-300x300.jpeg 300w, https:\/\/www.sw76consulting.fi\/wp-content\/uploads\/2023\/01\/Airisto-Marina-150x150.jpeg 150w, https:\/\/www.sw76consulting.fi\/wp-content\/uploads\/2023\/01\/Airisto-Marina-768x768.jpeg 768w\" sizes=\"(max-width: 909px) 100vw, 909px\" \/><\/a><figcaption class=\"wp-element-caption\"><a href=\"https:\/\/airistomarina.fi\/\" data-type=\"URL\" data-id=\"https:\/\/airistomarina.fi\/\" target=\"_blank\" rel=\"noreferrer noopener\">Airisto Marina, Parainen<\/a><\/figcaption><\/figure>\n<\/div>\n\n\n\n<div class=\"wp-block-column is-layout-flow wp-block-column-is-layout-flow\" style=\"flex-basis:66.66%\">\n<p class=\"has-text-align-left\">Steve liittyi joukkoomme ensimm\u00e4isen\u00e4 satamakautena, ja h\u00e4n on palannut joka vuosi valvojan teht\u00e4viin.<br>Vuonna 2021 h\u00e4n ty\u00f6skenteli viikkoja ennen virallisia avajaisia luodakseen ruokalistan, joka l\u00f6isi muut venesatamat taivaan tuuliin.<br>H\u00e4nen oli paitsi j\u00e4tett\u00e4v\u00e4 paljon totuttuja toimintatapojaan syrj\u00e4\u00e4n, my\u00f6s tutkittava, mit\u00e4 veneilij\u00e4t ja satamavieraat haluavat.<br>Ruokalistamme koostui tavallisista suomalaisista ruokalajeista, mutta my\u00f6s muutamista suosikeista, joita me omistajat halusimme n\u00e4hd\u00e4 ruokalistalla.<br>Stevell\u00e4 oli kokematon tiimi, ja h\u00e4nen t\u00e4ytyi muokata heist\u00e4 tiimi, joka kykeni ty\u00f6skentelem\u00e4\u00e4n yhdess\u00e4 ja toimittamaan johdonmukaisesti sen, mit\u00e4 olimme suunnitelleet viikkoja ennen avajaisia! Steve ty\u00f6skenteli paikan p\u00e4\u00e4ll\u00e4 75 prosenttia ajasta, jolloin valvontaa tarvittiin, ja h\u00e4n pysyi kuuloet\u00e4isyydell\u00e4, kun h\u00e4n oli poissa, mutta oli kuitenkin aina k\u00e4ytett\u00e4viss\u00e4.<br>H\u00e4n huolehti edelleen tilauksista, hygieniasta ja henkil\u00f6kunnan tukemisesta ja ty\u00f6skenteli et\u00e4n\u00e4 pit\u00e4\u00e4kseen yll\u00e4 ravintolassamme asetettuja ja vaadittuja standardeja. Steve\u00e4 suositellaan l\u00e4mpim\u00e4sti, ja h\u00e4nell\u00e4 on aina paikka kaikissa toimipaikoissani.<br><strong>Isaac Visser, Figjamin toimitusjohtaja, yritt\u00e4j\u00e4<\/strong><\/p>\n<\/div>\n<\/div>\n\n\n\n<div class=\"wp-block-columns alignwide is-layout-flex wp-container-core-columns-is-layout-9d6595d7 wp-block-columns-is-layout-flex\">\n<div class=\"wp-block-column is-layout-flow wp-block-column-is-layout-flow\" style=\"flex-basis:33.33%\">\n<figure class=\"wp-block-image size-full\"><img loading=\"lazy\" decoding=\"async\" width=\"225\" height=\"225\" src=\"http:\/\/www.sw76consulting.fi\/wp-content\/uploads\/2023\/01\/Burgers-and-Wine.png\" alt=\"\" class=\"wp-image-19\" srcset=\"https:\/\/www.sw76consulting.fi\/wp-content\/uploads\/2023\/01\/Burgers-and-Wine.png 225w, https:\/\/www.sw76consulting.fi\/wp-content\/uploads\/2023\/01\/Burgers-and-Wine-150x150.png 150w\" sizes=\"(max-width: 225px) 100vw, 225px\" \/><figcaption class=\"wp-element-caption\"><a href=\"http:\/\/www.burgersandwine.fi\" target=\"_blank\" rel=\"noreferrer noopener\">Burgers &amp; Wine, Helsinki<\/a><\/figcaption><\/figure>\n<\/div>\n\n\n\n<div class=\"wp-block-column is-layout-flow wp-block-column-is-layout-flow\" style=\"flex-basis:66.66%\">\n<p>Steve on toiminut Burgers &amp; Wine ja Deluxe Burger &amp; Pizza -ravintoloiden keitti\u00f6p\u00e4\u00e4llikk\u00f6n\u00e4, jossa h\u00e4n on vastannut esimerkillisesti koko keitti\u00f6n toiminnasta. Keitti\u00f6n tehokkuus parani huomattavasti. Steve edusti Burgers &amp; Winea my\u00f6s Burger Battle 2021 -kilpailussa, jossa h\u00e4n sijoittui kolmanneksi. Steve on juuri sellainen ammattilainen, jota ala tarvitsee.<br><strong>Tony Brander, CEO &amp; Owner<\/strong><\/p>\n<\/div>\n<\/div>\n\n\n\n<div class=\"wp-block-columns alignwide is-layout-flex wp-container-core-columns-is-layout-9d6595d7 wp-block-columns-is-layout-flex\">\n<div class=\"wp-block-column is-layout-flow wp-block-column-is-layout-flow\">\n<figure class=\"wp-block-image size-full\"><a href=\"https:\/\/www.gvcravintolat.fi\"><img loading=\"lazy\" decoding=\"async\" width=\"421\" height=\"180\" src=\"http:\/\/www.sw76consulting.fi\/wp-content\/uploads\/2023\/01\/GVC.png\" alt=\"\" class=\"wp-image-23\" srcset=\"https:\/\/www.sw76consulting.fi\/wp-content\/uploads\/2023\/01\/GVC.png 421w, https:\/\/www.sw76consulting.fi\/wp-content\/uploads\/2023\/01\/GVC-300x128.png 300w\" sizes=\"(max-width: 421px) 100vw, 421px\" \/><\/a><figcaption class=\"wp-element-caption\"><a href=\"https:\/\/gvcravintolat.fi\/\" target=\"_blank\" rel=\"noreferrer noopener\">Garam &amp; Vermiglio Catering, Helsinki<\/a><\/figcaption><\/figure>\n<\/div>\n\n\n\n<div class=\"wp-block-column is-layout-flow wp-block-column-is-layout-flow\">\n<p>\u201dOllaan tunnettu \u00f6baut 10vee ja hommat jatkuu edelleen. V\u00e4lill\u00e4 tiiviimmin, v\u00e4lill\u00e4 harvemmin. Nyt tietty breikkii, kun Steve rakentaa omaa pystyyn. Mukavinta yhteisty\u00f6ss\u00e4 on ollut kaksi asiaa. Luotettavuus ja ammattitaito. Lis\u00e4ksi koko GVC:n jengi on digannut tehd\u00e4 duunii Steven kanssa! Se johtuu ehk\u00e4p\u00e4 siit\u00e4, ett\u00e4 h\u00e4n on erinomainen laulaja ja lausuu englantia melkolailla puhtaasti!\u201d<br><strong>Mika Vermil\u00e4, Partner. Garam &amp; Vermiglio Catering Oy<\/strong><\/p>\n<\/div>\n<\/div>\n\n\n\n<div class=\"wp-block-columns alignwide is-layout-flex wp-container-core-columns-is-layout-9d6595d7 wp-block-columns-is-layout-flex\">\n<div class=\"wp-block-column is-layout-flow wp-block-column-is-layout-flow\">\n<figure class=\"wp-block-image size-full\"><img loading=\"lazy\" decoding=\"async\" width=\"312\" height=\"210\" src=\"http:\/\/www.sw76consulting.fi\/wp-content\/uploads\/2023\/01\/hello-stranger.jpeg\" alt=\"\" class=\"wp-image-27\" srcset=\"https:\/\/www.sw76consulting.fi\/wp-content\/uploads\/2023\/01\/hello-stranger.jpeg 312w, https:\/\/www.sw76consulting.fi\/wp-content\/uploads\/2023\/01\/hello-stranger-300x202.jpeg 300w\" sizes=\"(max-width: 312px) 100vw, 312px\" \/><figcaption class=\"wp-element-caption\"><a href=\"https:\/\/www.tripadvisor.com\/Restaurant_Review-g189934-d16863835-Reviews-or15-Hello_Stranger-Helsinki_Uusimaa.html\" target=\"_blank\" rel=\"noreferrer noopener\">Hello Stranger, Helsinki<\/a><\/figcaption><\/figure>\n<\/div>\n\n\n\n<div class=\"wp-block-column is-layout-flow wp-block-column-is-layout-flow\">\n<p>Steve oli keskeinen j\u00e4sen Hello Stranger -tiimiss\u00e4, ja h\u00e4n oli aiemmin tehnyt kanssani yhteisty\u00f6t\u00e4 muissa projekteissa, joten oli vain sopivaa, ett\u00e4 Steve oli mukana neuvomassa ja opastamassa t\u00e4ss\u00e4 seikkailussa. Steve on vertaansa vailla sitoutumisessaan, ammattitaidossaan ja asenteessaan varmistaa, ett\u00e4 kaikki toimii niin kuin pit\u00e4\u00e4kin ja korkeimmalla tasolla.<br><strong>Operator, Restaurant Entrepreneur<\/strong><\/p>\n<\/div>\n<\/div>\n\n\n\n<ul class=\"wp-block-social-links is-content-justification-center is-layout-flex wp-container-core-social-links-is-layout-16018d1d wp-block-social-links-is-layout-flex\"><li class=\"wp-social-link wp-social-link-linkedin  wp-block-social-link\"><a href=\"https:\/\/www.linkedin.com\/in\/stephen-whittaker-2b86673\/\" class=\"wp-block-social-link-anchor\"><svg width=\"24\" height=\"24\" viewbox=\"0 0 24 24\" version=\"1.1\" xmlns=\"http:\/\/www.w3.org\/2000\/svg\" aria-hidden=\"true\" focusable=\"false\"><path d=\"M19.7,3H4.3C3.582,3,3,3.582,3,4.3v15.4C3,20.418,3.582,21,4.3,21h15.4c0.718,0,1.3-0.582,1.3-1.3V4.3 C21,3.582,20.418,3,19.7,3z M8.339,18.338H5.667v-8.59h2.672V18.338z M7.004,8.574c-0.857,0-1.549-0.694-1.549-1.548 c0-0.855,0.691-1.548,1.549-1.548c0.854,0,1.547,0.694,1.547,1.548C8.551,7.881,7.858,8.574,7.004,8.574z M18.339,18.338h-2.669 v-4.177c0-0.996-0.017-2.278-1.387-2.278c-1.389,0-1.601,1.086-1.601,2.206v4.249h-2.667v-8.59h2.559v1.174h0.037 c0.356-0.675,1.227-1.387,2.526-1.387c2.703,0,3.203,1.779,3.203,4.092V18.338z\"><\/path><\/svg><span class=\"wp-block-social-link-label screen-reader-text\">LinkedIn<\/span><\/a><\/li><\/ul>","protected":false},"excerpt":{"rendered":"<p>Steve came in as an equal business partner, having been active in the previous version of this venue, Steve saw the potential of the restaurant and terrace, located inside an historical hotel and knew that H\u00f6rnet was a business to be involved in. Compromising of&hellip;<\/p>","protected":false},"author":1,"featured_media":0,"parent":0,"menu_order":0,"comment_status":"closed","ping_status":"closed","template":"","meta":{"footnotes":""},"class_list":["post-16","page","type-page","status-publish","hentry"],"_links":{"self":[{"href":"https:\/\/www.sw76consulting.fi\/fi\/wp-json\/wp\/v2\/pages\/16","targetHints":{"allow":["GET"]}}],"collection":[{"href":"https:\/\/www.sw76consulting.fi\/fi\/wp-json\/wp\/v2\/pages"}],"about":[{"href":"https:\/\/www.sw76consulting.fi\/fi\/wp-json\/wp\/v2\/types\/page"}],"author":[{"embeddable":true,"href":"https:\/\/www.sw76consulting.fi\/fi\/wp-json\/wp\/v2\/users\/1"}],"replies":[{"embeddable":true,"href":"https:\/\/www.sw76consulting.fi\/fi\/wp-json\/wp\/v2\/comments?post=16"}],"version-history":[{"count":18,"href":"https:\/\/www.sw76consulting.fi\/fi\/wp-json\/wp\/v2\/pages\/16\/revisions"}],"predecessor-version":[{"id":133,"href":"https:\/\/www.sw76consulting.fi\/fi\/wp-json\/wp\/v2\/pages\/16\/revisions\/133"}],"wp:attachment":[{"href":"https:\/\/www.sw76consulting.fi\/fi\/wp-json\/wp\/v2\/media?parent=16"}],"curies":[{"name":"wp","href":"https:\/\/api.w.org\/{rel}","templated":true}]}}